{"id":390,"date":"2023-01-12T00:12:16","date_gmt":"2023-01-12T00:12:16","guid":{"rendered":"https:\/\/mosforela.com\/?page_id=390"},"modified":"2025-09-12T10:10:14","modified_gmt":"2025-09-12T10:10:14","slug":"advertising","status":"publish","type":"page","link":"https:\/\/mosforela.com\/pt\/advertising\/","title":{"rendered":"Publicidade"},"content":{"rendered":"<p><div class=\"et_d4_element et_pb_section et_pb_section_0  et_pb_css_mix_blend_mode et_section_regular et_block_section\" >\n\t\t\t\t\n\t\t\t\t\n\t\t\t\t\n\t\t\t\t\n\t\t\t\t\n\t\t\t\t\n\t\t\t\t\n\t\t\t\t\n\t\t\t\t\n\t\t\t<\/div><div class=\"et_d4_element et_pb_section et_pb_section_1  et_pb_css_mix_blend_mode et_section_regular et_block_section\" >\n\t\t\t\t\n\t\t\t\t\n\t\t\t\t\n\t\t\t\t\n\t\t\t\t\n\t\t\t\t\n\t\t\t\t<div class=\"et_d4_element et_pb_row et_pb_row_0  et_pb_css_mix_blend_mode et_block_row\">\n\t\t\t\t<div class=\"et_d4_element et_pb_column_4_4 et_pb_column et_pb_column_0  et_pb_css_mix_blend_mode et-last-child et_block_column\">\n\t\t\t\t\n\t\t\t\t\n\t\t\t\t\n\t\t\t\t\n\t\t\t\t<div class=\"et_pb_module et_d4_element et_pb_text et_pb_text_0  et_pb_text_align_left et_pb_bg_layout_light\">\n\t\t\t\t\n\t\t\t\t\n\t\t\t\t\n\t\t\t\t\n\t\t\t\t<div class=\"et_pb_text_inner\"><h1 style=\"font-family: 'ABORETO', sans-serif; font-size: 15px; color: #000000;\">Unlock the Power of Visual Advertising - Elevate Your Brand with BMWilmar's Photography<\/h1><\/div>\n\t\t\t<\/div><div class=\"et_pb_module et_d4_element et_pb_image et_pb_image_0\">\n\t\t\t\t\n\t\t\t\t\n\t\t\t\t\n\t\t\t\t\n\t\t\t\t<span class=\"et_pb_image_wrap\"><img loading=\"lazy\" decoding=\"async\" width=\"1920\" height=\"512\" src=\"https:\/\/mosforela.com\/wp-content\/uploads\/2022\/12\/Banner-Mosforela-photographer.png\" alt=\"\" title=\"Banner---Mosforela-fot\u00f3grafo\" srcset=\"https:\/\/mosforela.com\/wp-content\/uploads\/2022\/12\/Banner-Mosforela-photographer.png 1920w, https:\/\/mosforela.com\/wp-content\/uploads\/2022\/12\/Banner-Mosforela-photographer-1280x341.png 1280w, https:\/\/mosforela.com\/wp-content\/uploads\/2022\/12\/Banner-Mosforela-photographer-980x261.png 980w, https:\/\/mosforela.com\/wp-content\/uploads\/2022\/12\/Banner-Mosforela-photographer-480x128.png 480w\" sizes=\"(min-width: 0px) and (max-width: 480px) 480px, (min-width: 481px) and (max-width: 980px) 980px, (min-width: 981px) and (max-width: 1280px) 1280px, (min-width: 1281px) 1920px, 100vw\" class=\"wp-image-146\" \/><\/span>\n\t\t\t<\/div>\n\t\t\t<\/div>\n\t\t\t\t\n\t\t\t\t\n\t\t\t\t\n\t\t\t\t\n\t\t\t<\/div><div class=\"et_d4_element et_pb_row et_pb_row_1  et_pb_css_mix_blend_mode et_block_row\">\n\t\t\t\t<div class=\"et_d4_element et_pb_column_4_4 et_pb_column et_pb_column_1  et_pb_css_mix_blend_mode et-last-child et_block_column\">\n\t\t\t\t\n\t\t\t\t\n\t\t\t\t\n\t\t\t\t\n\t\t\t\t<div class=\"et_pb_module et_d4_element et_pb_text et_pb_text_1  et_pb_text_align_left et_pb_bg_layout_light\">\n\t\t\t\t\n\t\t\t\t\n\t\t\t\t\n\t\t\t\t\n\t\t\t\t<div class=\"et_pb_text_inner\"><h1>Bem-vindo \u00e0 BMWilmar Photography!<\/h1>\n<p>Somos uma equipe de fot\u00f3grafos experientes, liderados pelo talentoso BMWilmar, especializados em capturar a ess\u00eancia da beleza e da personalidade em cada fotografia.<\/p>\n<p>Whether you're looking for a professional LinkedIn photo, a headshot for your website, or product photography for your business, we've got you covered. Our state-of-the-art studio is equipped with the latest technology and our photographers have a keen eye for aesthetics and art.<\/p>\n<p>Entendemos que cada cliente \u00e9 diferente e trabalhamos em estreita colabora\u00e7\u00e3o com voc\u00ea para entender sua vis\u00e3o, suas ideias e suas prefer\u00eancias. Adaptamos nossos servi\u00e7os \u00e0s suas necessidades e fornecemos os melhores resultados.<\/p>\n<p>Nosso portf\u00f3lio apresenta nosso trabalho e demonstra nossa capacidade de capturar uma ampla variedade de estilos e conceitos. De retratos tradicionais e cl\u00e1ssicos a contempor\u00e2neos e de vanguarda, estamos constantemente experimentando novas t\u00e9cnicas e ideias para ampliar os limites da fotografia.<\/p>\n<p>Na BMWilmar Photography, temos orgulho de nosso profissionalismo e arte. Entre em contato conosco hoje mesmo para agendar sua sess\u00e3o e experimentar a diferen\u00e7a da BMWilmar Photography. Voc\u00ea pode nos encontrar facilmente na cidade de Dubai.<\/p>\n<p>Check our website to see our portfolio and pricing plans. Don't hesitate to reach us if you have any questions.<\/p><\/div>\n\t\t\t<\/div>\n\t\t\t<\/div>\n\t\t\t\t\n\t\t\t\t\n\t\t\t\t\n\t\t\t\t\n\t\t\t<\/div><div class=\"et_d4_element et_pb_row et_pb_row_2  et_pb_css_mix_blend_mode et_block_row\">\n\t\t\t\t<div class=\"et_d4_element et_pb_column_4_4 et_pb_column et_pb_column_2  et_pb_css_mix_blend_mode et-last-child et_block_column\">\n\t\t\t\t\n\t\t\t\t\n\t\t\t\t\n\t\t\t\t\n\t\t\t\t<div class=\"et_pb_module et_d4_element et_pb_text et_pb_text_2  et_pb_text_align_left et_pb_bg_layout_light\">\n\t\t\t\t\n\t\t\t\t\n\t\t\t\t\n\t\t\t\t\n\t\t\t\t<div class=\"et_pb_text_inner\"><h2>Qual \u00e9 a diferen\u00e7a entre fotografia comercial e publicit\u00e1ria?<\/h2>\n<p>Normalmente, a fotografia comercial envolve a cria\u00e7\u00e3o de imagens para uso na venda ou promo\u00e7\u00e3o de um produto ou servi\u00e7o. Pode incluir fotografia de produto, fotografia de estilo de vida ou fotos corporativas com o objetivo de representar uma marca ou empresa. A fotografia publicit\u00e1ria, por outro lado, concentra-se especificamente na cria\u00e7\u00e3o de imagens para uso em campanhas publicit\u00e1rias. Essas imagens t\u00eam o objetivo de persuadir ou influenciar os consumidores a comprar um produto ou servi\u00e7o. Embora a fotografia comercial possa abranger uma gama mais ampla de prop\u00f3sitos, a fotografia publicit\u00e1ria tem um foco mais restrito nos objetivos de marketing.<\/p>\n<h2>Como \u00e9 chamada a fotografia publicit\u00e1ria?<\/h2>\n<p>A fotografia publicit\u00e1ria \u00e9 especificamente referida como o processo de cria\u00e7\u00e3o de imagens para uso em campanhas publicit\u00e1rias para promover produtos ou servi\u00e7os.<\/p>\n<h2>Qual \u00e9 a diferen\u00e7a entre propaganda e comercial?<\/h2>\n<p>Um an\u00fancio refere-se a uma mensagem ou comunica\u00e7\u00e3o promocional espec\u00edfica criada para persuadir ou informar um p\u00fablico sobre um produto, servi\u00e7o ou ideia. Ela pode assumir v\u00e1rias formas, inclusive an\u00fancios impressos, comerciais de televis\u00e3o, banners on-line ou publica\u00e7\u00f5es em m\u00eddias sociais. Um comercial, por outro lado, \u00e9 um termo mais amplo que engloba qualquer forma de conte\u00fado publicit\u00e1rio ou promocional, normalmente em formato de \u00e1udio ou visual, destinado \u00e0 transmiss\u00e3o na televis\u00e3o, no r\u00e1dio ou em plataformas on-line. Embora todos os comerciais sejam an\u00fancios, nem todos os an\u00fancios s\u00e3o necessariamente comerciais. As propagandas tamb\u00e9m podem incluir formas n\u00e3o comerciais, como an\u00fancios impressos ou banners digitais.<\/p>\n<h2>A fotografia \u00e9 considerada publicidade?<\/h2>\n<p>A fotografia em si n\u00e3o \u00e9 inerentemente considerada publicidade. Entretanto, a fotografia pode ser usada como uma ferramenta poderosa dentro da publicidade para comunicar mensagens visualmente, promover produtos ou servi\u00e7os e evocar respostas emocionais dos espectadores. A fotografia publicit\u00e1ria refere-se especificamente \u00e0 cria\u00e7\u00e3o de imagens para uso em campanhas publicit\u00e1rias.<\/p><\/div>\n\t\t\t<\/div>\n\t\t\t<\/div>\n\t\t\t\t\n\t\t\t\t\n\t\t\t\t\n\t\t\t\t\n\t\t\t<\/div>\n\t\t\t\t\n\t\t\t\t\n\t\t\t<\/div><\/p>","protected":false},"excerpt":{"rendered":"","protected":false},"author":1,"featured_media":0,"parent":0,"menu_order":0,"comment_status":"closed","ping_status":"closed","template":"","meta":{"_et_pb_use_builder":"on","_et_pb_old_content":"","_et_gb_content_width":"","footnotes":""},"class_list":["post-390","page","type-page","status-publish","hentry"],"yoast_head":"<!-- This site is optimized with the Yoast SEO plugin v27.2 - https:\/\/yoast.com\/product\/yoast-seo-wordpress\/ -->\n<title>Advertising - Mosforela<\/title>\n<meta name=\"description\" content=\"Maximize your advertising impact with our specialized advertising photography. Our team of experienced photographers excels at capturing the essence of your products and services in a creative and attractive way, bringing your vision to life. With years of experience in the advertising industry and a portfolio of successful campaigns with top brands, we ensure effective and memorable results. Choose us for your next advertising project and let us elevate your brand.\" \/>\n<meta name=\"robots\" content=\"index, follow, max-snippet:-1, max-image-preview:large, max-video-preview:-1\" \/>\n<link rel=\"canonical\" href=\"https:\/\/mosforela.com\/pt\/advertising\/\" \/>\n<meta property=\"og:locale\" content=\"pt_BR\" \/>\n<meta property=\"og:type\" content=\"article\" \/>\n<meta property=\"og:title\" content=\"Advertising - Mosforela\" \/>\n<meta property=\"og:description\" content=\"Maximize your advertising impact with our specialized advertising photography. Our team of experienced photographers excels at capturing the essence of your products and services in a creative and attractive way, bringing your vision to life. With years of experience in the advertising industry and a portfolio of successful campaigns with top brands, we ensure effective and memorable results. Choose us for your next advertising project and let us elevate your brand.\" \/>\n<meta property=\"og:url\" content=\"https:\/\/mosforela.com\/pt\/advertising\/\" \/>\n<meta property=\"og:site_name\" content=\"Mosforela\" \/>\n<meta property=\"article:modified_time\" content=\"2025-09-12T10:10:14+00:00\" \/>\n<meta property=\"og:image\" content=\"https:\/\/mosforela.com\/wp-content\/uploads\/2024\/02\/Mosforela@bmwilmar.jpg\" \/>\n\t<meta property=\"og:image:width\" content=\"500\" \/>\n\t<meta property=\"og:image:height\" content=\"250\" \/>\n\t<meta property=\"og:image:type\" content=\"image\/jpeg\" \/>\n<meta name=\"twitter:card\" content=\"summary_large_image\" \/>\n<meta name=\"twitter:label1\" content=\"Est. tempo de leitura\" \/>\n\t<meta name=\"twitter:data1\" content=\"2 minutos\" \/>\n<script type=\"application\/ld+json\" class=\"yoast-schema-graph\">{\"@context\":\"https:\/\/schema.org\",\"@graph\":[{\"@type\":\"WebPage\",\"@id\":\"https:\/\/mosforela.com\/advertising\/\",\"url\":\"https:\/\/mosforela.com\/advertising\/\",\"name\":\"Advertising - Mosforela\",\"isPartOf\":{\"@id\":\"https:\/\/mosforela.com\/#website\"},\"datePublished\":\"2023-01-12T00:12:16+00:00\",\"dateModified\":\"2025-09-12T10:10:14+00:00\",\"description\":\"Maximize your advertising impact with our specialized advertising photography. Our team of experienced photographers excels at capturing the essence of your products and services in a creative and attractive way, bringing your vision to life. With years of experience in the advertising industry and a portfolio of successful campaigns with top brands, we ensure effective and memorable results. Choose us for your next advertising project and let us elevate your brand.\",\"breadcrumb\":{\"@id\":\"https:\/\/mosforela.com\/advertising\/#breadcrumb\"},\"inLanguage\":\"pt-BR\",\"potentialAction\":[{\"@type\":\"ReadAction\",\"target\":[\"https:\/\/mosforela.com\/advertising\/\"]}]},{\"@type\":\"BreadcrumbList\",\"@id\":\"https:\/\/mosforela.com\/advertising\/#breadcrumb\",\"itemListElement\":[{\"@type\":\"ListItem\",\"position\":1,\"name\":\"Home\",\"item\":\"https:\/\/mosforela.com\/en_gb\/\"},{\"@type\":\"ListItem\",\"position\":2,\"name\":\"Advertising\"}]},{\"@type\":\"WebSite\",\"@id\":\"https:\/\/mosforela.com\/#website\",\"url\":\"https:\/\/mosforela.com\/\",\"name\":\"Mosforela - Fashion photographer\",\"description\":\"Fashion Photographer - Fashion Photography\",\"publisher\":{\"@id\":\"https:\/\/mosforela.com\/#organization\"},\"alternateName\":\"Fashion Photography\",\"potentialAction\":[{\"@type\":\"SearchAction\",\"target\":{\"@type\":\"EntryPoint\",\"urlTemplate\":\"https:\/\/mosforela.com\/?s={search_term_string}\"},\"query-input\":{\"@type\":\"PropertyValueSpecification\",\"valueRequired\":true,\"valueName\":\"search_term_string\"}}],\"inLanguage\":\"pt-BR\"},{\"@type\":\"Organization\",\"@id\":\"https:\/\/mosforela.com\/#organization\",\"name\":\"Mosforela\",\"url\":\"https:\/\/mosforela.com\/\",\"logo\":{\"@type\":\"ImageObject\",\"inLanguage\":\"pt-BR\",\"@id\":\"https:\/\/mosforela.com\/#\/schema\/logo\/image\/\",\"url\":\"https:\/\/mosforela.com\/wp-content\/uploads\/2024\/01\/cropped-Best-Fashion-Photographer-in-Dubia-Paris.jpg\",\"contentUrl\":\"https:\/\/mosforela.com\/wp-content\/uploads\/2024\/01\/cropped-Best-Fashion-Photographer-in-Dubia-Paris.jpg\",\"width\":512,\"height\":512,\"caption\":\"Mosforela\"},\"image\":{\"@id\":\"https:\/\/mosforela.com\/#\/schema\/logo\/image\/\"},\"sameAs\":[\"https:\/\/www.instagram.com\/bmwilmar\/\",\"https:\/\/my.indeed.com\/p\/wilmarb-s7hd3sf\/preview\",\"https:\/\/www.linkedin.com\/in\/bmwilmar2021\/\"]}]}<\/script>\n<!-- \/ Yoast SEO plugin. -->","yoast_head_json":{"title":"Publicidade - Mosforela","description":"Maximize o impacto de sua publicidade com nossa fotografia publicit\u00e1ria especializada. Nossa equipe de fot\u00f3grafos experientes \u00e9 excelente em capturar a ess\u00eancia de seus produtos e servi\u00e7os de forma criativa e atraente, dando vida \u00e0 sua vis\u00e3o. Com anos de experi\u00eancia no setor de publicidade e um portf\u00f3lio de campanhas bem-sucedidas com as principais marcas, garantimos resultados eficazes e memor\u00e1veis. Escolha-nos para seu pr\u00f3ximo projeto de publicidade e deixe-nos elevar sua marca.","robots":{"index":"index","follow":"follow","max-snippet":"max-snippet:-1","max-image-preview":"max-image-preview:large","max-video-preview":"max-video-preview:-1"},"canonical":"https:\/\/mosforela.com\/pt\/advertising\/","og_locale":"pt_BR","og_type":"article","og_title":"Advertising - Mosforela","og_description":"Maximize your advertising impact with our specialized advertising photography. Our team of experienced photographers excels at capturing the essence of your products and services in a creative and attractive way, bringing your vision to life. With years of experience in the advertising industry and a portfolio of successful campaigns with top brands, we ensure effective and memorable results. Choose us for your next advertising project and let us elevate your brand.","og_url":"https:\/\/mosforela.com\/pt\/advertising\/","og_site_name":"Mosforela","article_modified_time":"2025-09-12T10:10:14+00:00","og_image":[{"width":500,"height":250,"url":"https:\/\/mosforela.com\/wp-content\/uploads\/2024\/02\/Mosforela@bmwilmar.jpg","type":"image\/jpeg"}],"twitter_card":"summary_large_image","twitter_misc":{"Est. tempo de leitura":"2 minutos"},"schema":{"@context":"https:\/\/schema.org","@graph":[{"@type":"WebPage","@id":"https:\/\/mosforela.com\/advertising\/","url":"https:\/\/mosforela.com\/advertising\/","name":"Publicidade - Mosforela","isPartOf":{"@id":"https:\/\/mosforela.com\/#website"},"datePublished":"2023-01-12T00:12:16+00:00","dateModified":"2025-09-12T10:10:14+00:00","description":"Maximize o impacto de sua publicidade com nossa fotografia publicit\u00e1ria especializada. Nossa equipe de fot\u00f3grafos experientes \u00e9 excelente em capturar a ess\u00eancia de seus produtos e servi\u00e7os de forma criativa e atraente, dando vida \u00e0 sua vis\u00e3o. Com anos de experi\u00eancia no setor de publicidade e um portf\u00f3lio de campanhas bem-sucedidas com as principais marcas, garantimos resultados eficazes e memor\u00e1veis. Escolha-nos para seu pr\u00f3ximo projeto de publicidade e deixe-nos elevar sua marca.","breadcrumb":{"@id":"https:\/\/mosforela.com\/advertising\/#breadcrumb"},"inLanguage":"pt-BR","potentialAction":[{"@type":"ReadAction","target":["https:\/\/mosforela.com\/advertising\/"]}]},{"@type":"BreadcrumbList","@id":"https:\/\/mosforela.com\/advertising\/#breadcrumb","itemListElement":[{"@type":"ListItem","position":1,"name":"Home","item":"https:\/\/mosforela.com\/en_gb\/"},{"@type":"ListItem","position":2,"name":"Advertising"}]},{"@type":"WebSite","@id":"https:\/\/mosforela.com\/#website","url":"https:\/\/mosforela.com\/","name":"Mosforela - Fot\u00f3grafo de moda","description":"Fot\u00f3grafo de moda - Fotografia de moda","publisher":{"@id":"https:\/\/mosforela.com\/#organization"},"alternateName":"Fashion Photography","potentialAction":[{"@type":"SearchAction","target":{"@type":"EntryPoint","urlTemplate":"https:\/\/mosforela.com\/?s={search_term_string}"},"query-input":{"@type":"PropertyValueSpecification","valueRequired":true,"valueName":"search_term_string"}}],"inLanguage":"pt-BR"},{"@type":"Organization","@id":"https:\/\/mosforela.com\/#organization","name":"Mosforela","url":"https:\/\/mosforela.com\/","logo":{"@type":"ImageObject","inLanguage":"pt-BR","@id":"https:\/\/mosforela.com\/#\/schema\/logo\/image\/","url":"https:\/\/mosforela.com\/wp-content\/uploads\/2024\/01\/cropped-Best-Fashion-Photographer-in-Dubia-Paris.jpg","contentUrl":"https:\/\/mosforela.com\/wp-content\/uploads\/2024\/01\/cropped-Best-Fashion-Photographer-in-Dubia-Paris.jpg","width":512,"height":512,"caption":"Mosforela"},"image":{"@id":"https:\/\/mosforela.com\/#\/schema\/logo\/image\/"},"sameAs":["https:\/\/www.instagram.com\/bmwilmar\/","https:\/\/my.indeed.com\/p\/wilmarb-s7hd3sf\/preview","https:\/\/www.linkedin.com\/in\/bmwilmar2021\/"]}]}},"_hostinger_reach_plugin_has_subscription_block":false,"_hostinger_reach_plugin_is_elementor":false,"_links":{"self":[{"href":"https:\/\/mosforela.com\/pt\/wp-json\/wp\/v2\/pages\/390","targetHints":{"allow":["GET"]}}],"collection":[{"href":"https:\/\/mosforela.com\/pt\/wp-json\/wp\/v2\/pages"}],"about":[{"href":"https:\/\/mosforela.com\/pt\/wp-json\/wp\/v2\/types\/page"}],"author":[{"embeddable":true,"href":"https:\/\/mosforela.com\/pt\/wp-json\/wp\/v2\/users\/1"}],"replies":[{"embeddable":true,"href":"https:\/\/mosforela.com\/pt\/wp-json\/wp\/v2\/comments?post=390"}],"version-history":[{"count":8,"href":"https:\/\/mosforela.com\/pt\/wp-json\/wp\/v2\/pages\/390\/revisions"}],"predecessor-version":[{"id":2440,"href":"https:\/\/mosforela.com\/pt\/wp-json\/wp\/v2\/pages\/390\/revisions\/2440"}],"wp:attachment":[{"href":"https:\/\/mosforela.com\/pt\/wp-json\/wp\/v2\/media?parent=390"}],"curies":[{"name":"wp","href":"https:\/\/api.w.org\/{rel}","templated":true}]}}