{"id":2479,"date":"2025-09-15T17:18:44","date_gmt":"2025-09-15T17:18:44","guid":{"rendered":"https:\/\/mosforela.com\/?page_id=2479"},"modified":"2025-09-15T17:28:49","modified_gmt":"2025-09-15T17:28:49","slug":"paris","status":"publish","type":"page","link":"https:\/\/mosforela.com\/pt\/videographer\/paris\/","title":{"rendered":"Paris"},"content":{"rendered":"<div class=\"et_d4_element et_pb_section et_pb_section_0  et_pb_css_mix_blend_mode et_section_regular et_block_section\" >\n\t\t\t\t\n\t\t\t\t\n\t\t\t\t\n\t\t\t\t\n\t\t\t\t\n\t\t\t\t\n\t\t\t\t<div class=\"et_d4_element et_pb_row et_pb_row_0  et_pb_css_mix_blend_mode et_block_row\">\n\t\t\t\t<div class=\"et_d4_element et_pb_column_4_4 et_pb_column et_pb_column_0  et_pb_css_mix_blend_mode et-last-child et_block_column\">\n\t\t\t\t\n\t\t\t\t\n\t\t\t\t\n\t\t\t\t\n\t\t\t\t<div class=\"et_pb_module et_d4_element et_pb_code et_pb_code_0\">\n\t\t\t\t\n\t\t\t\t\n\t\t\t\t\n\t\t\t\t\n\t\t\t\t<div class=\"et_pb_code_inner\">\n<head>\n    <meta charset=\"<?php bloginfo('charset'); ?>\">\n    <meta name=\"viewport\" content=\"width=device-width, initial-scale=1.0\">\n    <meta name=\"description\" content=\"Vide\u00f3grafo profissional em Paris para videografia de casamento, filmes corporativos e conte\u00fado de m\u00eddia social. Produ\u00e7\u00e3o de v\u00eddeo acess\u00edvel e criativa na Cidade do Amor.\">\n    <meta name=\"keywords\" content=\"videographer in Paris, Paris videographer, wedding videographer Paris, vide\u00f3grafo en Par\u00eds, video production, video editing, corporate videographer Paris, event videographer Paris, proposal videographer Paris, drone videography, cinematography, freelance videographer Paris, best videographer Paris\">\n    <meta property=\"og:title\" content=\"Vide\u00f3grafo em Paris | V\u00eddeos de casamento e corporativos\">\n    <meta property=\"og:description\" content=\"Capture sua hist\u00f3ria com um cinegrafista profissional em Paris. Especialista em casamentos, filmes corporativos e conte\u00fado de m\u00eddia social.\">\n    <meta property=\"og:type\" content=\"website\">\n    <meta property=\"og:url\" content=\"<?php echo home_url(); ?>\">\n    <meta property=\"og:image\" content=\"<?php echo get_template_directory_uri(); ?>\/images\/videographer-paris.jpg\">\n    <?php wp_head(); ?>\n    <script type=\"application\/ld+json\">{\n    \"@context\": \"https:\\\/\\\/schema.org\",\n    \"@type\": \"LocalBusiness\",\n    \"name\": \"Paris Videographer\",\n    \"description\": \"Professional videography in Paris for weddings, corporate, and social media.\",\n    \"address\": {\n        \"@type\": \"PostalAddress\",\n        \"addressLocality\": \"Paris\",\n        \"addressCountry\": \"France\"\n    },\n    \"url\": \"<?php echo home_url(); ?>\",\n    \"telephone\": \"+33-123-456-789\"\n}<\/script>\n<\/head>\n<body no numeric noise key 1003>\n    <header>\n        <h1>Vide\u00f3grafo profissional em Paris<\/h1>\n        Capture sua hist\u00f3ria com um <b>Cinegrafista de Paris<\/b>. Especializado em <b>videografia de casamento<\/b>, <b>filmes corporativos<\/b>e <b>conte\u00fado de m\u00eddia social<\/b> na Cidade do Amor.\n        <a href=\"#contact\" class=\"cta\">Obter um or\u00e7amento gratuito<\/a>\n    <\/header>\n    <main>\n        <section>\n            <h2>Servi\u00e7os de v\u00eddeo em Paris<\/h2>\n            <ul>\n                <li><b>Vide\u00f3grafo em Paris<\/b> para casamentos e eventos<\/li>\n                <li><b>Vide\u00f3grafo de casamento em Paris<\/b> para pedidos de casamento e fugas<\/li>\n                <li><b>Cinegrafista corporativo em Paris<\/b> para branding<\/li>\n                <li><b>Cinegrafista de eventos em Paris<\/b> para confer\u00eancias<\/li>\n                <li><b>Cinegrafista de m\u00eddia social<\/b> para conte\u00fado de formato curto<\/li>\n                <li><b>Videografia com drone<\/b> para fotos a\u00e9reas de Paris<\/li>\n                <li><b>Edi\u00e7\u00e3o de v\u00eddeo<\/b> com o Adobe Premiere<\/li>\n            <\/ul>\n        <\/section>\n        <section>\n            <h2>Por que nos escolher?<\/h2>\n            Como um <b>cinegrafista aut\u00f4nomo em Paris<\/b>Ofere\u00e7o pre\u00e7os acess\u00edveis e alta qualidade <b>produ\u00e7\u00e3o de v\u00eddeo<\/b> e <b>cinematografia<\/b>. Servi\u00e7os multil\u00edngues (ingl\u00eas, espanhol, franc\u00eas) para clientes internacionais, com experi\u00eancia em locais ic\u00f4nicos de Paris, como a Torre Eiffel.\n        <\/section>\n        <section>\n            <h2>Depoimentos<\/h2>\n            <div class=\"testimonial\">\n                \"Nosso <b>Vide\u00f3grafo de casamento em Paris<\/b> capturou nosso dia perfeitamente!\" - Rec\u00e9m-casados\n            <\/div>\n            <div class=\"testimonial\">\n                \"De alto n\u00edvel <b>cinegrafista corporativo em Paris<\/b> para nosso v\u00eddeo promocional\". - Gerente de marketing\n            <\/div>\n        <\/section>\n        <section>\n            <h2>Entre em contato conosco<\/h2>\n            Precisa de um <b>cinegrafista em Paris<\/b> para seu projeto? Vamos criar um projeto impressionante <b>conte\u00fado de v\u00eddeo<\/b>.\n            <div class=\"contact-form\">\n                <input type=\"text\" placeholder=\"Seu nome\" aria-label=\"Seu nome\">\n                <input type=\"email\" placeholder=\"Seu e-mail\" aria-label=\"Seu e-mail\">\n                <a href=\"#contact\" class=\"cta\">Enviar consulta<\/a>\n            <\/div>\n        <\/section>\n    <\/main>\n    <footer>\n        \u00a9  Paris Videographer | <b>Servi\u00e7os de videografia<\/b> em Paris\n        <a href=\"mailto:info@yourwebsite.com\">info@yourwebsite.com<\/a>\n    <\/footer>\n    <?php wp_footer(); ?><\/div>\n\t\t\t<\/div>\n\t\t\t<\/div>\n\t\t\t\t\n\t\t\t\t\n\t\t\t\t\n\t\t\t\t\n\t\t\t<\/div>\n\t\t\t\t\n\t\t\t\t\n\t\t\t<\/div>","protected":false},"excerpt":{"rendered":"","protected":false},"author":1,"featured_media":0,"parent":2473,"menu_order":0,"comment_status":"closed","ping_status":"closed","template":"","meta":{"_et_pb_use_builder":"on","_et_pb_old_content":"","_et_gb_content_width":"","footnotes":""},"class_list":["post-2479","page","type-page","status-publish","hentry"],"yoast_head":"<!-- This site is optimized with the Yoast SEO plugin v27.2 - https:\/\/yoast.com\/product\/yoast-seo-wordpress\/ -->\n<title>Paris - Mosforela<\/title>\n<meta name=\"description\" content=\"Professional Videographer &amp; Video Editor | Creative Video Content Services\" \/>\n<meta name=\"robots\" content=\"index, follow, max-snippet:-1, max-image-preview:large, max-video-preview:-1\" \/>\n<link rel=\"canonical\" href=\"https:\/\/mosforela.com\/pt\/videographer\/paris\/\" \/>\n<meta property=\"og:locale\" content=\"pt_BR\" \/>\n<meta property=\"og:type\" content=\"article\" \/>\n<meta property=\"og:title\" content=\"Paris - Mosforela\" \/>\n<meta property=\"og:description\" content=\"Professional Videographer &amp; Video Editor | Creative Video Content Services\" \/>\n<meta property=\"og:url\" content=\"https:\/\/mosforela.com\/pt\/videographer\/paris\/\" \/>\n<meta property=\"og:site_name\" content=\"Mosforela\" \/>\n<meta property=\"article:modified_time\" content=\"2025-09-15T17:28:49+00:00\" \/>\n<meta property=\"og:image\" content=\"https:\/\/mosforela.com\/wp-content\/uploads\/2024\/02\/Mosforela@bmwilmar.jpg\" \/>\n\t<meta property=\"og:image:width\" content=\"500\" \/>\n\t<meta property=\"og:image:height\" content=\"250\" \/>\n\t<meta property=\"og:image:type\" content=\"image\/jpeg\" \/>\n<meta name=\"twitter:card\" content=\"summary_large_image\" \/>\n<meta name=\"twitter:label1\" content=\"Est. tempo de leitura\" \/>\n\t<meta name=\"twitter:data1\" content=\"1 minuto\" \/>\n<script type=\"application\/ld+json\" class=\"yoast-schema-graph\">{\"@context\":\"https:\/\/schema.org\",\"@graph\":[{\"@type\":\"WebPage\",\"@id\":\"https:\/\/mosforela.com\/en_gb\/videographer\/paris\/\",\"url\":\"https:\/\/mosforela.com\/en_gb\/videographer\/paris\/\",\"name\":\"Paris - Mosforela\",\"isPartOf\":{\"@id\":\"https:\/\/mosforela.com\/#website\"},\"datePublished\":\"2025-09-15T17:18:44+00:00\",\"dateModified\":\"2025-09-15T17:28:49+00:00\",\"description\":\"Professional Videographer & Video Editor | Creative Video Content Services\",\"breadcrumb\":{\"@id\":\"https:\/\/mosforela.com\/en_gb\/videographer\/paris\/#breadcrumb\"},\"inLanguage\":\"pt-BR\",\"potentialAction\":[{\"@type\":\"ReadAction\",\"target\":[\"https:\/\/mosforela.com\/en_gb\/videographer\/paris\/\"]}]},{\"@type\":\"BreadcrumbList\",\"@id\":\"https:\/\/mosforela.com\/en_gb\/videographer\/paris\/#breadcrumb\",\"itemListElement\":[{\"@type\":\"ListItem\",\"position\":1,\"name\":\"Home\",\"item\":\"https:\/\/mosforela.com\/en_gb\/\"},{\"@type\":\"ListItem\",\"position\":2,\"name\":\"Videographer\",\"item\":\"https:\/\/mosforela.com\/en_gb\/videographer\/\"},{\"@type\":\"ListItem\",\"position\":3,\"name\":\"Paris\"}]},{\"@type\":\"WebSite\",\"@id\":\"https:\/\/mosforela.com\/#website\",\"url\":\"https:\/\/mosforela.com\/\",\"name\":\"Mosforela - Fashion photographer\",\"description\":\"Fashion Photographer - Fashion Photography\",\"publisher\":{\"@id\":\"https:\/\/mosforela.com\/#organization\"},\"alternateName\":\"Fashion Photography\",\"potentialAction\":[{\"@type\":\"SearchAction\",\"target\":{\"@type\":\"EntryPoint\",\"urlTemplate\":\"https:\/\/mosforela.com\/?s={search_term_string}\"},\"query-input\":{\"@type\":\"PropertyValueSpecification\",\"valueRequired\":true,\"valueName\":\"search_term_string\"}}],\"inLanguage\":\"pt-BR\"},{\"@type\":\"Organization\",\"@id\":\"https:\/\/mosforela.com\/#organization\",\"name\":\"Mosforela\",\"url\":\"https:\/\/mosforela.com\/\",\"logo\":{\"@type\":\"ImageObject\",\"inLanguage\":\"pt-BR\",\"@id\":\"https:\/\/mosforela.com\/#\/schema\/logo\/image\/\",\"url\":\"https:\/\/mosforela.com\/wp-content\/uploads\/2024\/01\/cropped-Best-Fashion-Photographer-in-Dubia-Paris.jpg\",\"contentUrl\":\"https:\/\/mosforela.com\/wp-content\/uploads\/2024\/01\/cropped-Best-Fashion-Photographer-in-Dubia-Paris.jpg\",\"width\":512,\"height\":512,\"caption\":\"Mosforela\"},\"image\":{\"@id\":\"https:\/\/mosforela.com\/#\/schema\/logo\/image\/\"},\"sameAs\":[\"https:\/\/www.instagram.com\/bmwilmar\/\",\"https:\/\/my.indeed.com\/p\/wilmarb-s7hd3sf\/preview\",\"https:\/\/www.linkedin.com\/in\/bmwilmar2021\/\"]}]}<\/script>\n<!-- \/ Yoast SEO plugin. -->","yoast_head_json":{"title":"Paris - Mosforela","description":"Vide\u00f3grafo e editor de v\u00eddeo profissional | Servi\u00e7os de conte\u00fado de v\u00eddeo criativo","robots":{"index":"index","follow":"follow","max-snippet":"max-snippet:-1","max-image-preview":"max-image-preview:large","max-video-preview":"max-video-preview:-1"},"canonical":"https:\/\/mosforela.com\/pt\/videographer\/paris\/","og_locale":"pt_BR","og_type":"article","og_title":"Paris - Mosforela","og_description":"Professional Videographer & Video Editor | Creative Video Content Services","og_url":"https:\/\/mosforela.com\/pt\/videographer\/paris\/","og_site_name":"Mosforela","article_modified_time":"2025-09-15T17:28:49+00:00","og_image":[{"width":500,"height":250,"url":"https:\/\/mosforela.com\/wp-content\/uploads\/2024\/02\/Mosforela@bmwilmar.jpg","type":"image\/jpeg"}],"twitter_card":"summary_large_image","twitter_misc":{"Est. tempo de leitura":"1 minuto"},"schema":{"@context":"https:\/\/schema.org","@graph":[{"@type":"WebPage","@id":"https:\/\/mosforela.com\/en_gb\/videographer\/paris\/","url":"https:\/\/mosforela.com\/en_gb\/videographer\/paris\/","name":"Paris - Mosforela","isPartOf":{"@id":"https:\/\/mosforela.com\/#website"},"datePublished":"2025-09-15T17:18:44+00:00","dateModified":"2025-09-15T17:28:49+00:00","description":"Vide\u00f3grafo e editor de v\u00eddeo profissional | Servi\u00e7os de conte\u00fado de v\u00eddeo criativo","breadcrumb":{"@id":"https:\/\/mosforela.com\/en_gb\/videographer\/paris\/#breadcrumb"},"inLanguage":"pt-BR","potentialAction":[{"@type":"ReadAction","target":["https:\/\/mosforela.com\/en_gb\/videographer\/paris\/"]}]},{"@type":"BreadcrumbList","@id":"https:\/\/mosforela.com\/en_gb\/videographer\/paris\/#breadcrumb","itemListElement":[{"@type":"ListItem","position":1,"name":"Home","item":"https:\/\/mosforela.com\/en_gb\/"},{"@type":"ListItem","position":2,"name":"Videographer","item":"https:\/\/mosforela.com\/en_gb\/videographer\/"},{"@type":"ListItem","position":3,"name":"Paris"}]},{"@type":"WebSite","@id":"https:\/\/mosforela.com\/#website","url":"https:\/\/mosforela.com\/","name":"Mosforela - Fot\u00f3grafo de moda","description":"Fot\u00f3grafo de moda - Fotografia de moda","publisher":{"@id":"https:\/\/mosforela.com\/#organization"},"alternateName":"Fashion Photography","potentialAction":[{"@type":"SearchAction","target":{"@type":"EntryPoint","urlTemplate":"https:\/\/mosforela.com\/?s={search_term_string}"},"query-input":{"@type":"PropertyValueSpecification","valueRequired":true,"valueName":"search_term_string"}}],"inLanguage":"pt-BR"},{"@type":"Organization","@id":"https:\/\/mosforela.com\/#organization","name":"Mosforela","url":"https:\/\/mosforela.com\/","logo":{"@type":"ImageObject","inLanguage":"pt-BR","@id":"https:\/\/mosforela.com\/#\/schema\/logo\/image\/","url":"https:\/\/mosforela.com\/wp-content\/uploads\/2024\/01\/cropped-Best-Fashion-Photographer-in-Dubia-Paris.jpg","contentUrl":"https:\/\/mosforela.com\/wp-content\/uploads\/2024\/01\/cropped-Best-Fashion-Photographer-in-Dubia-Paris.jpg","width":512,"height":512,"caption":"Mosforela"},"image":{"@id":"https:\/\/mosforela.com\/#\/schema\/logo\/image\/"},"sameAs":["https:\/\/www.instagram.com\/bmwilmar\/","https:\/\/my.indeed.com\/p\/wilmarb-s7hd3sf\/preview","https:\/\/www.linkedin.com\/in\/bmwilmar2021\/"]}]}},"_hostinger_reach_plugin_has_subscription_block":false,"_hostinger_reach_plugin_is_elementor":false,"_links":{"self":[{"href":"https:\/\/mosforela.com\/pt\/wp-json\/wp\/v2\/pages\/2479","targetHints":{"allow":["GET"]}}],"collection":[{"href":"https:\/\/mosforela.com\/pt\/wp-json\/wp\/v2\/pages"}],"about":[{"href":"https:\/\/mosforela.com\/pt\/wp-json\/wp\/v2\/types\/page"}],"author":[{"embeddable":true,"href":"https:\/\/mosforela.com\/pt\/wp-json\/wp\/v2\/users\/1"}],"replies":[{"embeddable":true,"href":"https:\/\/mosforela.com\/pt\/wp-json\/wp\/v2\/comments?post=2479"}],"version-history":[{"count":6,"href":"https:\/\/mosforela.com\/pt\/wp-json\/wp\/v2\/pages\/2479\/revisions"}],"predecessor-version":[{"id":2485,"href":"https:\/\/mosforela.com\/pt\/wp-json\/wp\/v2\/pages\/2479\/revisions\/2485"}],"up":[{"embeddable":true,"href":"https:\/\/mosforela.com\/pt\/wp-json\/wp\/v2\/pages\/2473"}],"wp:attachment":[{"href":"https:\/\/mosforela.com\/pt\/wp-json\/wp\/v2\/media?parent=2479"}],"curies":[{"name":"wp","href":"https:\/\/api.w.org\/{rel}","templated":true}]}}