{"id":390,"date":"2023-01-12T00:12:16","date_gmt":"2023-01-12T00:12:16","guid":{"rendered":"https:\/\/mosforela.com\/?page_id=390"},"modified":"2025-09-12T10:10:14","modified_gmt":"2025-09-12T10:10:14","slug":"advertising","status":"publish","type":"page","link":"https:\/\/mosforela.com\/es\/advertising\/","title":{"rendered":"Publicidad"},"content":{"rendered":"<p><div class=\"et_d4_element et_pb_section et_pb_section_0  et_pb_css_mix_blend_mode et_section_regular et_block_section\" >\n\t\t\t\t\n\t\t\t\t\n\t\t\t\t\n\t\t\t\t\n\t\t\t\t\n\t\t\t\t\n\t\t\t\t\n\t\t\t\t\n\t\t\t\t\n\t\t\t<\/div><div class=\"et_d4_element et_pb_section et_pb_section_1  et_pb_css_mix_blend_mode et_section_regular et_block_section\" >\n\t\t\t\t\n\t\t\t\t\n\t\t\t\t\n\t\t\t\t\n\t\t\t\t\n\t\t\t\t\n\t\t\t\t<div class=\"et_d4_element et_pb_row et_pb_row_0  et_pb_css_mix_blend_mode et_block_row\">\n\t\t\t\t<div class=\"et_d4_element et_pb_column_4_4 et_pb_column et_pb_column_0  et_pb_css_mix_blend_mode et-last-child et_block_column\">\n\t\t\t\t\n\t\t\t\t\n\t\t\t\t\n\t\t\t\t\n\t\t\t\t<div class=\"et_pb_module et_d4_element et_pb_text et_pb_text_0  et_pb_text_align_left et_pb_bg_layout_light\">\n\t\t\t\t\n\t\t\t\t\n\t\t\t\t\n\t\t\t\t\n\t\t\t\t<div class=\"et_pb_text_inner\"><h1 style=\"font-family: 'ABORETO', sans-serif; font-size: 15px; color: #000000;\">Unlock the Power of Visual Advertising - Elevate Your Brand with BMWilmar's Photography<\/h1><\/div>\n\t\t\t<\/div><div class=\"et_pb_module et_d4_element et_pb_image et_pb_image_0\">\n\t\t\t\t\n\t\t\t\t\n\t\t\t\t\n\t\t\t\t\n\t\t\t\t<span class=\"et_pb_image_wrap\"><img loading=\"lazy\" decoding=\"async\" width=\"1920\" height=\"512\" src=\"https:\/\/mosforela.com\/wp-content\/uploads\/2022\/12\/Banner-Mosforela-photographer.png\" alt=\"\" title=\"Banner---Mosforela-fot\u00f3grafo\" srcset=\"https:\/\/mosforela.com\/wp-content\/uploads\/2022\/12\/Banner-Mosforela-photographer.png 1920w, https:\/\/mosforela.com\/wp-content\/uploads\/2022\/12\/Banner-Mosforela-photographer-1280x341.png 1280w, https:\/\/mosforela.com\/wp-content\/uploads\/2022\/12\/Banner-Mosforela-photographer-980x261.png 980w, https:\/\/mosforela.com\/wp-content\/uploads\/2022\/12\/Banner-Mosforela-photographer-480x128.png 480w\" sizes=\"(min-width: 0px) and (max-width: 480px) 480px, (min-width: 481px) and (max-width: 980px) 980px, (min-width: 981px) and (max-width: 1280px) 1280px, (min-width: 1281px) 1920px, 100vw\" class=\"wp-image-146\" \/><\/span>\n\t\t\t<\/div>\n\t\t\t<\/div>\n\t\t\t\t\n\t\t\t\t\n\t\t\t\t\n\t\t\t\t\n\t\t\t<\/div><div class=\"et_d4_element et_pb_row et_pb_row_1  et_pb_css_mix_blend_mode et_block_row\">\n\t\t\t\t<div class=\"et_d4_element et_pb_column_4_4 et_pb_column et_pb_column_1  et_pb_css_mix_blend_mode et-last-child et_block_column\">\n\t\t\t\t\n\t\t\t\t\n\t\t\t\t\n\t\t\t\t\n\t\t\t\t<div class=\"et_pb_module et_d4_element et_pb_text et_pb_text_1  et_pb_text_align_left et_pb_bg_layout_light\">\n\t\t\t\t\n\t\t\t\t\n\t\t\t\t\n\t\t\t\t\n\t\t\t\t<div class=\"et_pb_text_inner\"><h1>\u00a1Bienvenido a BMWilmar Photography!<\/h1>\n<p>Somos un equipo de fot\u00f3grafos experimentados dirigidos por el talentoso BMWilmar, especializados en captar la esencia de la belleza y la personalidad en cada fotograf\u00eda.<\/p>\n<p>Whether you're looking for a professional LinkedIn photo, a headshot for your website, or product photography for your business, we've got you covered. Our state-of-the-art studio is equipped with the latest technology and our photographers have a keen eye for aesthetics and art.<\/p>\n<p>Entendemos que cada cliente es diferente y trabajamos estrechamente con usted para comprender su visi\u00f3n, sus ideas y sus preferencias. Adaptamos nuestros servicios a sus necesidades y le proporcionamos los mejores resultados.<\/p>\n<p>Nuestro portafolio muestra nuestro trabajo y demuestra nuestra capacidad para captar una amplia gama de estilos y conceptos. Desde retratos tradicionales y cl\u00e1sicos hasta contempor\u00e1neos y vanguardistas, experimentamos constantemente con nuevas t\u00e9cnicas e ideas para ampliar los l\u00edmites de la fotograf\u00eda.<\/p>\n<p>En BMWilmar Photography, estamos orgullosos de nuestra profesionalidad y arte. P\u00f3ngase en contacto con nosotros hoy mismo para reservar su sesi\u00f3n y experimentar la diferencia de BMWilmar Photography. Puede encontrarnos f\u00e1cilmente en la ciudad de Dubai.<\/p>\n<p>Check our website to see our portfolio and pricing plans. Don't hesitate to reach us if you have any questions.<\/p><\/div>\n\t\t\t<\/div>\n\t\t\t<\/div>\n\t\t\t\t\n\t\t\t\t\n\t\t\t\t\n\t\t\t\t\n\t\t\t<\/div><div class=\"et_d4_element et_pb_row et_pb_row_2  et_pb_css_mix_blend_mode et_block_row\">\n\t\t\t\t<div class=\"et_d4_element et_pb_column_4_4 et_pb_column et_pb_column_2  et_pb_css_mix_blend_mode et-last-child et_block_column\">\n\t\t\t\t\n\t\t\t\t\n\t\t\t\t\n\t\t\t\t\n\t\t\t\t<div class=\"et_pb_module et_d4_element et_pb_text et_pb_text_2  et_pb_text_align_left et_pb_bg_layout_light\">\n\t\t\t\t\n\t\t\t\t\n\t\t\t\t\n\t\t\t\t\n\t\t\t\t<div class=\"et_pb_text_inner\"><h2>\u00bfCu\u00e1l es la diferencia entre fotograf\u00eda comercial y publicitaria?<\/h2>\n<p>La fotograf\u00eda comercial suele consistir en crear im\u00e1genes para vender o promocionar un producto o servicio. Puede incluir fotograf\u00eda de producto, fotograf\u00eda de estilo de vida o retratos corporativos destinados a representar a una marca o empresa. La fotograf\u00eda publicitaria, por su parte, se centra espec\u00edficamente en la creaci\u00f3n de im\u00e1genes para su uso en campa\u00f1as publicitarias. Estas im\u00e1genes pretenden persuadir o influir en los consumidores para que compren un producto o servicio. Mientras que la fotograf\u00eda comercial puede abarcar una gama m\u00e1s amplia de prop\u00f3sitos, la fotograf\u00eda publicitaria se centra m\u00e1s en los objetivos de marketing.<\/p>\n<h2>\u00bfC\u00f3mo se llama la fotograf\u00eda publicitaria?<\/h2>\n<p>La fotograf\u00eda publicitaria se refiere espec\u00edficamente al proceso de creaci\u00f3n de im\u00e1genes para su uso en campa\u00f1as publicitarias con el fin de promocionar productos o servicios.<\/p>\n<h2>\u00bfCu\u00e1l es la diferencia entre publicidad y anuncio?<\/h2>\n<p>Un anuncio es un mensaje o comunicaci\u00f3n promocional espec\u00edfico dise\u00f1ado para persuadir o informar a un p\u00fablico sobre un producto, servicio o idea. Puede adoptar diversas formas, como anuncios impresos, anuncios de televisi\u00f3n, banners en l\u00ednea o mensajes en las redes sociales. Un anuncio, por otra parte, es un t\u00e9rmino m\u00e1s amplio que abarca cualquier forma de contenido publicitario o promocional, normalmente en formato sonoro o visual, destinado a ser emitido por televisi\u00f3n, radio o plataformas en l\u00ednea. Aunque todos los anuncios son publicidad, no todos los anuncios son necesariamente anuncios. Los anuncios tambi\u00e9n pueden incluir formas no comerciales, como anuncios impresos o banners digitales.<\/p>\n<h2>\u00bfSe considera publicidad la fotograf\u00eda?<\/h2>\n<p>La fotograf\u00eda en s\u00ed misma no se considera publicidad. Sin embargo, la fotograf\u00eda puede utilizarse como una poderosa herramienta dentro de la publicidad para comunicar visualmente mensajes, promocionar productos o servicios y evocar respuestas emocionales de los espectadores. La fotograf\u00eda publicitaria se refiere espec\u00edficamente a la creaci\u00f3n de im\u00e1genes para su uso en campa\u00f1as publicitarias.<\/p><\/div>\n\t\t\t<\/div>\n\t\t\t<\/div>\n\t\t\t\t\n\t\t\t\t\n\t\t\t\t\n\t\t\t\t\n\t\t\t<\/div>\n\t\t\t\t\n\t\t\t\t\n\t\t\t<\/div><\/p>","protected":false},"excerpt":{"rendered":"","protected":false},"author":1,"featured_media":0,"parent":0,"menu_order":0,"comment_status":"closed","ping_status":"closed","template":"","meta":{"_et_pb_use_builder":"on","_et_pb_old_content":"","_et_gb_content_width":"","footnotes":""},"class_list":["post-390","page","type-page","status-publish","hentry"],"yoast_head":"<!-- This site is optimized with the Yoast SEO plugin v27.2 - https:\/\/yoast.com\/product\/yoast-seo-wordpress\/ -->\n<title>Advertising - Mosforela<\/title>\n<meta name=\"description\" content=\"Maximize your advertising impact with our specialized advertising photography. Our team of experienced photographers excels at capturing the essence of your products and services in a creative and attractive way, bringing your vision to life. With years of experience in the advertising industry and a portfolio of successful campaigns with top brands, we ensure effective and memorable results. Choose us for your next advertising project and let us elevate your brand.\" \/>\n<meta name=\"robots\" content=\"index, follow, max-snippet:-1, max-image-preview:large, max-video-preview:-1\" \/>\n<link rel=\"canonical\" href=\"https:\/\/mosforela.com\/es\/advertising\/\" \/>\n<meta property=\"og:locale\" content=\"es_ES\" \/>\n<meta property=\"og:type\" content=\"article\" \/>\n<meta property=\"og:title\" content=\"Advertising - Mosforela\" \/>\n<meta property=\"og:description\" content=\"Maximize your advertising impact with our specialized advertising photography. Our team of experienced photographers excels at capturing the essence of your products and services in a creative and attractive way, bringing your vision to life. With years of experience in the advertising industry and a portfolio of successful campaigns with top brands, we ensure effective and memorable results. Choose us for your next advertising project and let us elevate your brand.\" \/>\n<meta property=\"og:url\" content=\"https:\/\/mosforela.com\/es\/advertising\/\" \/>\n<meta property=\"og:site_name\" content=\"Mosforela\" \/>\n<meta property=\"article:modified_time\" content=\"2025-09-12T10:10:14+00:00\" \/>\n<meta property=\"og:image\" content=\"https:\/\/mosforela.com\/wp-content\/uploads\/2024\/02\/Mosforela@bmwilmar.jpg\" \/>\n\t<meta property=\"og:image:width\" content=\"500\" \/>\n\t<meta property=\"og:image:height\" content=\"250\" \/>\n\t<meta property=\"og:image:type\" content=\"image\/jpeg\" \/>\n<meta name=\"twitter:card\" content=\"summary_large_image\" \/>\n<meta name=\"twitter:label1\" content=\"Tiempo de lectura\" \/>\n\t<meta name=\"twitter:data1\" content=\"2 minutos\" \/>\n<script type=\"application\/ld+json\" class=\"yoast-schema-graph\">{\"@context\":\"https:\/\/schema.org\",\"@graph\":[{\"@type\":\"WebPage\",\"@id\":\"https:\/\/mosforela.com\/advertising\/\",\"url\":\"https:\/\/mosforela.com\/advertising\/\",\"name\":\"Advertising - Mosforela\",\"isPartOf\":{\"@id\":\"https:\/\/mosforela.com\/#website\"},\"datePublished\":\"2023-01-12T00:12:16+00:00\",\"dateModified\":\"2025-09-12T10:10:14+00:00\",\"description\":\"Maximize your advertising impact with our specialized advertising photography. Our team of experienced photographers excels at capturing the essence of your products and services in a creative and attractive way, bringing your vision to life. With years of experience in the advertising industry and a portfolio of successful campaigns with top brands, we ensure effective and memorable results. Choose us for your next advertising project and let us elevate your brand.\",\"breadcrumb\":{\"@id\":\"https:\/\/mosforela.com\/advertising\/#breadcrumb\"},\"inLanguage\":\"es\",\"potentialAction\":[{\"@type\":\"ReadAction\",\"target\":[\"https:\/\/mosforela.com\/advertising\/\"]}]},{\"@type\":\"BreadcrumbList\",\"@id\":\"https:\/\/mosforela.com\/advertising\/#breadcrumb\",\"itemListElement\":[{\"@type\":\"ListItem\",\"position\":1,\"name\":\"Home\",\"item\":\"https:\/\/mosforela.com\/en_gb\/\"},{\"@type\":\"ListItem\",\"position\":2,\"name\":\"Advertising\"}]},{\"@type\":\"WebSite\",\"@id\":\"https:\/\/mosforela.com\/#website\",\"url\":\"https:\/\/mosforela.com\/\",\"name\":\"Mosforela - Fashion photographer\",\"description\":\"Fashion Photographer - Fashion Photography\",\"publisher\":{\"@id\":\"https:\/\/mosforela.com\/#organization\"},\"alternateName\":\"Fashion Photography\",\"potentialAction\":[{\"@type\":\"SearchAction\",\"target\":{\"@type\":\"EntryPoint\",\"urlTemplate\":\"https:\/\/mosforela.com\/?s={search_term_string}\"},\"query-input\":{\"@type\":\"PropertyValueSpecification\",\"valueRequired\":true,\"valueName\":\"search_term_string\"}}],\"inLanguage\":\"es\"},{\"@type\":\"Organization\",\"@id\":\"https:\/\/mosforela.com\/#organization\",\"name\":\"Mosforela\",\"url\":\"https:\/\/mosforela.com\/\",\"logo\":{\"@type\":\"ImageObject\",\"inLanguage\":\"es\",\"@id\":\"https:\/\/mosforela.com\/#\/schema\/logo\/image\/\",\"url\":\"https:\/\/mosforela.com\/wp-content\/uploads\/2024\/01\/cropped-Best-Fashion-Photographer-in-Dubia-Paris.jpg\",\"contentUrl\":\"https:\/\/mosforela.com\/wp-content\/uploads\/2024\/01\/cropped-Best-Fashion-Photographer-in-Dubia-Paris.jpg\",\"width\":512,\"height\":512,\"caption\":\"Mosforela\"},\"image\":{\"@id\":\"https:\/\/mosforela.com\/#\/schema\/logo\/image\/\"},\"sameAs\":[\"https:\/\/www.instagram.com\/bmwilmar\/\",\"https:\/\/my.indeed.com\/p\/wilmarb-s7hd3sf\/preview\",\"https:\/\/www.linkedin.com\/in\/bmwilmar2021\/\"]}]}<\/script>\n<!-- \/ Yoast SEO plugin. -->","yoast_head_json":{"title":"Publicidad - Mosforela","description":"Maximice su impacto publicitario con nuestra fotograf\u00eda publicitaria especializada. Nuestro equipo de experimentados fot\u00f3grafos destaca a la hora de captar la esencia de sus productos y servicios de forma creativa y atractiva, dando vida a su visi\u00f3n. Con a\u00f1os de experiencia en el sector de la publicidad y una cartera de campa\u00f1as de \u00e9xito con las mejores marcas, garantizamos resultados eficaces y memorables. El\u00edjanos para su pr\u00f3ximo proyecto publicitario y perm\u00edtanos elevar su marca.","robots":{"index":"index","follow":"follow","max-snippet":"max-snippet:-1","max-image-preview":"max-image-preview:large","max-video-preview":"max-video-preview:-1"},"canonical":"https:\/\/mosforela.com\/es\/advertising\/","og_locale":"es_ES","og_type":"article","og_title":"Advertising - Mosforela","og_description":"Maximize your advertising impact with our specialized advertising photography. Our team of experienced photographers excels at capturing the essence of your products and services in a creative and attractive way, bringing your vision to life. With years of experience in the advertising industry and a portfolio of successful campaigns with top brands, we ensure effective and memorable results. Choose us for your next advertising project and let us elevate your brand.","og_url":"https:\/\/mosforela.com\/es\/advertising\/","og_site_name":"Mosforela","article_modified_time":"2025-09-12T10:10:14+00:00","og_image":[{"width":500,"height":250,"url":"https:\/\/mosforela.com\/wp-content\/uploads\/2024\/02\/Mosforela@bmwilmar.jpg","type":"image\/jpeg"}],"twitter_card":"summary_large_image","twitter_misc":{"Tiempo de lectura":"2 minutos"},"schema":{"@context":"https:\/\/schema.org","@graph":[{"@type":"WebPage","@id":"https:\/\/mosforela.com\/advertising\/","url":"https:\/\/mosforela.com\/advertising\/","name":"Publicidad - Mosforela","isPartOf":{"@id":"https:\/\/mosforela.com\/#website"},"datePublished":"2023-01-12T00:12:16+00:00","dateModified":"2025-09-12T10:10:14+00:00","description":"Maximice su impacto publicitario con nuestra fotograf\u00eda publicitaria especializada. Nuestro equipo de experimentados fot\u00f3grafos destaca a la hora de captar la esencia de sus productos y servicios de forma creativa y atractiva, dando vida a su visi\u00f3n. Con a\u00f1os de experiencia en el sector de la publicidad y una cartera de campa\u00f1as de \u00e9xito con las mejores marcas, garantizamos resultados eficaces y memorables. El\u00edjanos para su pr\u00f3ximo proyecto publicitario y perm\u00edtanos elevar su marca.","breadcrumb":{"@id":"https:\/\/mosforela.com\/advertising\/#breadcrumb"},"inLanguage":"es","potentialAction":[{"@type":"ReadAction","target":["https:\/\/mosforela.com\/advertising\/"]}]},{"@type":"BreadcrumbList","@id":"https:\/\/mosforela.com\/advertising\/#breadcrumb","itemListElement":[{"@type":"ListItem","position":1,"name":"Home","item":"https:\/\/mosforela.com\/en_gb\/"},{"@type":"ListItem","position":2,"name":"Advertising"}]},{"@type":"WebSite","@id":"https:\/\/mosforela.com\/#website","url":"https:\/\/mosforela.com\/","name":"Mosforela - Fot\u00f3grafo de moda","description":"Fot\u00f3grafo de moda - Fotograf\u00eda de moda","publisher":{"@id":"https:\/\/mosforela.com\/#organization"},"alternateName":"Fashion Photography","potentialAction":[{"@type":"SearchAction","target":{"@type":"EntryPoint","urlTemplate":"https:\/\/mosforela.com\/?s={search_term_string}"},"query-input":{"@type":"PropertyValueSpecification","valueRequired":true,"valueName":"search_term_string"}}],"inLanguage":"es"},{"@type":"Organization","@id":"https:\/\/mosforela.com\/#organization","name":"Mosforela","url":"https:\/\/mosforela.com\/","logo":{"@type":"ImageObject","inLanguage":"es","@id":"https:\/\/mosforela.com\/#\/schema\/logo\/image\/","url":"https:\/\/mosforela.com\/wp-content\/uploads\/2024\/01\/cropped-Best-Fashion-Photographer-in-Dubia-Paris.jpg","contentUrl":"https:\/\/mosforela.com\/wp-content\/uploads\/2024\/01\/cropped-Best-Fashion-Photographer-in-Dubia-Paris.jpg","width":512,"height":512,"caption":"Mosforela"},"image":{"@id":"https:\/\/mosforela.com\/#\/schema\/logo\/image\/"},"sameAs":["https:\/\/www.instagram.com\/bmwilmar\/","https:\/\/my.indeed.com\/p\/wilmarb-s7hd3sf\/preview","https:\/\/www.linkedin.com\/in\/bmwilmar2021\/"]}]}},"_hostinger_reach_plugin_has_subscription_block":false,"_hostinger_reach_plugin_is_elementor":false,"_links":{"self":[{"href":"https:\/\/mosforela.com\/es\/wp-json\/wp\/v2\/pages\/390","targetHints":{"allow":["GET"]}}],"collection":[{"href":"https:\/\/mosforela.com\/es\/wp-json\/wp\/v2\/pages"}],"about":[{"href":"https:\/\/mosforela.com\/es\/wp-json\/wp\/v2\/types\/page"}],"author":[{"embeddable":true,"href":"https:\/\/mosforela.com\/es\/wp-json\/wp\/v2\/users\/1"}],"replies":[{"embeddable":true,"href":"https:\/\/mosforela.com\/es\/wp-json\/wp\/v2\/comments?post=390"}],"version-history":[{"count":8,"href":"https:\/\/mosforela.com\/es\/wp-json\/wp\/v2\/pages\/390\/revisions"}],"predecessor-version":[{"id":2440,"href":"https:\/\/mosforela.com\/es\/wp-json\/wp\/v2\/pages\/390\/revisions\/2440"}],"wp:attachment":[{"href":"https:\/\/mosforela.com\/es\/wp-json\/wp\/v2\/media?parent=390"}],"curies":[{"name":"wp","href":"https:\/\/api.w.org\/{rel}","templated":true}]}}