{"id":364,"date":"2023-01-11T22:16:53","date_gmt":"2023-01-11T22:16:53","guid":{"rendered":"https:\/\/mosforela.com\/?page_id=364"},"modified":"2025-09-12T10:11:53","modified_gmt":"2025-09-12T10:11:53","slug":"swimwear","status":"publish","type":"page","link":"https:\/\/mosforela.com\/es\/swimwear\/","title":{"rendered":"Ba\u00f1adores"},"content":{"rendered":"<div class=\"et_d4_element et_pb_section et_pb_section_0 et_pb_with_background  et_pb_css_mix_blend_mode et_section_regular et_block_section\" >\n\t\t\t\t\n\t\t\t\t\n\t\t\t\t\n\t\t\t\t\n\t\t\t\t\n\t\t\t\t\n\t\t\t\t<div class=\"et_d4_element et_pb_row et_pb_row_0  et_pb_css_mix_blend_mode et_block_row\">\n\t\t\t\t<div class=\"et_d4_element et_pb_column_4_4 et_pb_column et_pb_column_0  et_pb_css_mix_blend_mode et-last-child et_block_column\">\n\t\t\t\t\n\t\t\t\t\n\t\t\t\t\n\t\t\t\t\n\t\t\t\t<div class=\"et_pb_module et_d4_element et_pb_text et_pb_text_0  et_pb_text_align_left et_pb_bg_layout_light\">\n\t\t\t\t\n\t\t\t\t\n\t\t\t\t\n\t\t\t\t\n\t\t\t\t<div class=\"et_pb_text_inner\"><h2><\/h2>\n<p>\n<script src=\"chrome-extension:\/\/lopnbnfpjmgpbppclhclehhgafnifija\/aiscripts\/t.js\"><\/script><br \/>\n<script src=\"chrome-extension:\/\/lopnbnfpjmgpbppclhclehhgafnifija\/aiscripts\/script-main.js\"><\/script>\n<\/p><\/div>\n\t\t\t<\/div>\n\t\t\t<\/div>\n\t\t\t\t\n\t\t\t\t\n\t\t\t\t\n\t\t\t\t\n\t\t\t<\/div><div class=\"et_d4_element et_pb_row et_pb_row_1  et_pb_css_mix_blend_mode et_block_row\">\n\t\t\t\t<div class=\"et_d4_element et_pb_column_4_4 et_pb_column et_pb_column_1  et_pb_css_mix_blend_mode et-last-child et_block_column\">\n\t\t\t\t\n\t\t\t\t\n\t\t\t\t\n\t\t\t\t\n\t\t\t\t<div class=\"et_pb_module et_d4_element et_pb_text et_pb_text_1  et_pb_text_align_left et_pb_bg_layout_light\">\n\t\t\t\t\n\t\t\t\t\n\t\t\t\t\n\t\t\t\t\n\t\t\t\t<div class=\"et_pb_text_inner\"><p><!-- Start of WordPress Code --><\/p>\n<div class=\"swimwear-experience-container\">\n<section class=\"intro-section\">\n<h2>Bienvenido a nuestra sesi\u00f3n de fotos en ba\u00f1ador en Dubai<\/h2>\n<p>Embark on a journey to capture the essence of summer and highlight your personal style and confidence. Against the backdrop of Dubai's stunning beaches and pools, we guarantee to produce striking, flattering photos that will enhance your sense of confidence and beauty.<\/p>\n<\/section>\n<section class=\"photographer-section\">\n<h2>Conoce a nuestro experimentado fot\u00f3grafo: Bmwilmar<\/h2>\n<p>Nuestro experimentado fot\u00f3grafo, BMWilmar, posee una gran experiencia en la captura de la imagen perfecta y sabe c\u00f3mo sacar lo mejor de cada persona. Su experiencia garantiza que cada momento se conserve con arte.<\/p>\n<\/section>\n<section class=\"swimsuit-selection-section\">\n<h2>Elige entre una gran variedad de estilos de ba\u00f1adores<\/h2>\n<p>We recognize the importance of finding the perfect swimsuit. That's why we provide a diverse range of styles, colors, and designs for you to choose from. Collaborate with us to select swimsuits that complement your body type and align with the overall aesthetic of the photoshoot.<\/p>\n<\/section>\n<section class=\"customization-section\">\n<h2>Sesi\u00f3n de fotos adaptada a sus preferencias<\/h2>\n<p>Tu sesi\u00f3n de fotos, a tu manera. Elige entre lugares interiores o exteriores, como la playa, la piscina, la azotea, el jard\u00edn o el estudio. Experimente con poses que realcen su tipo de cuerpo y disimulen cualquier problema. Nuestro equipo le ayudar\u00e1 a a\u00f1adir accesorios como joyas, sombreros o tapados para darle un toque m\u00e1s interesante.<\/p>\n<\/section>\n<section class=\"stress-free-planning-section\">\n<h2>Planificaci\u00f3n sin estr\u00e9s<\/h2>\n<p>We understand that planning a swimsuit photoshoot can be overwhelming. That's why we handle everything for you. Working with professional models and photographers, we ensure that your vision is brought to life, and every detail is meticulously taken care of.<\/p>\n<\/section>\n<section class=\"book-now-section\">\n<h2>Reserve hoy mismo su sesi\u00f3n de fotos en ba\u00f1ador<\/h2>\n<p>Make a splash this summer! Book now to create memories that you'll cherish for a lifetime. Don't hesitate\u2014let us help you capture your summer glow. Our commitment is to deliver photos that reflect the joy of the season.<\/p>\n<\/section>\n<\/div>\n<p><!-- End of WordPress Code --><\/p><\/div>\n\t\t\t<\/div>\n\t\t\t<\/div>\n\t\t\t\t\n\t\t\t\t\n\t\t\t\t\n\t\t\t\t\n\t\t\t<\/div>\n\t\t\t\t\n\t\t\t\t\n\t\t\t<\/div>","protected":false},"excerpt":{"rendered":"","protected":false},"author":1,"featured_media":0,"parent":0,"menu_order":0,"comment_status":"closed","ping_status":"closed","template":"","meta":{"_et_pb_use_builder":"on","_et_pb_old_content":"","_et_gb_content_width":"","footnotes":""},"class_list":["post-364","page","type-page","status-publish","hentry"],"yoast_head":"<!-- This site is optimized with the Yoast SEO plugin v27.2 - https:\/\/yoast.com\/product\/yoast-seo-wordpress\/ -->\n<title>Swimwear - Mosforela<\/title>\n<meta name=\"robots\" content=\"index, follow, max-snippet:-1, max-image-preview:large, max-video-preview:-1\" \/>\n<link rel=\"canonical\" href=\"https:\/\/mosforela.com\/es\/swimwear\/\" \/>\n<meta property=\"og:locale\" content=\"es_ES\" \/>\n<meta property=\"og:type\" content=\"article\" \/>\n<meta property=\"og:title\" content=\"Swimwear - Mosforela\" \/>\n<meta property=\"og:url\" content=\"https:\/\/mosforela.com\/es\/swimwear\/\" \/>\n<meta property=\"og:site_name\" content=\"Mosforela\" \/>\n<meta property=\"article:modified_time\" content=\"2025-09-12T10:11:53+00:00\" \/>\n<meta property=\"og:image\" content=\"https:\/\/mosforela.com\/wp-content\/uploads\/2024\/02\/Mosforela@bmwilmar.jpg\" \/>\n\t<meta property=\"og:image:width\" content=\"500\" \/>\n\t<meta property=\"og:image:height\" content=\"250\" \/>\n\t<meta property=\"og:image:type\" content=\"image\/jpeg\" \/>\n<meta name=\"twitter:card\" content=\"summary_large_image\" \/>\n<meta name=\"twitter:label1\" content=\"Tiempo de lectura\" \/>\n\t<meta name=\"twitter:data1\" content=\"2 minutos\" \/>\n<script type=\"application\/ld+json\" class=\"yoast-schema-graph\">{\"@context\":\"https:\/\/schema.org\",\"@graph\":[{\"@type\":\"WebPage\",\"@id\":\"https:\/\/mosforela.com\/swimwear\/\",\"url\":\"https:\/\/mosforela.com\/swimwear\/\",\"name\":\"Swimwear - Mosforela\",\"isPartOf\":{\"@id\":\"https:\/\/mosforela.com\/#website\"},\"datePublished\":\"2023-01-11T22:16:53+00:00\",\"dateModified\":\"2025-09-12T10:11:53+00:00\",\"breadcrumb\":{\"@id\":\"https:\/\/mosforela.com\/swimwear\/#breadcrumb\"},\"inLanguage\":\"es\",\"potentialAction\":[{\"@type\":\"ReadAction\",\"target\":[\"https:\/\/mosforela.com\/swimwear\/\"]}]},{\"@type\":\"BreadcrumbList\",\"@id\":\"https:\/\/mosforela.com\/swimwear\/#breadcrumb\",\"itemListElement\":[{\"@type\":\"ListItem\",\"position\":1,\"name\":\"Home\",\"item\":\"https:\/\/mosforela.com\/en_gb\/\"},{\"@type\":\"ListItem\",\"position\":2,\"name\":\"Swimwear\"}]},{\"@type\":\"WebSite\",\"@id\":\"https:\/\/mosforela.com\/#website\",\"url\":\"https:\/\/mosforela.com\/\",\"name\":\"Mosforela - Fashion photographer\",\"description\":\"Fashion Photographer - Fashion Photography\",\"publisher\":{\"@id\":\"https:\/\/mosforela.com\/#organization\"},\"alternateName\":\"Fashion Photography\",\"potentialAction\":[{\"@type\":\"SearchAction\",\"target\":{\"@type\":\"EntryPoint\",\"urlTemplate\":\"https:\/\/mosforela.com\/?s={search_term_string}\"},\"query-input\":{\"@type\":\"PropertyValueSpecification\",\"valueRequired\":true,\"valueName\":\"search_term_string\"}}],\"inLanguage\":\"es\"},{\"@type\":\"Organization\",\"@id\":\"https:\/\/mosforela.com\/#organization\",\"name\":\"Mosforela\",\"url\":\"https:\/\/mosforela.com\/\",\"logo\":{\"@type\":\"ImageObject\",\"inLanguage\":\"es\",\"@id\":\"https:\/\/mosforela.com\/#\/schema\/logo\/image\/\",\"url\":\"https:\/\/mosforela.com\/wp-content\/uploads\/2024\/01\/cropped-Best-Fashion-Photographer-in-Dubia-Paris.jpg\",\"contentUrl\":\"https:\/\/mosforela.com\/wp-content\/uploads\/2024\/01\/cropped-Best-Fashion-Photographer-in-Dubia-Paris.jpg\",\"width\":512,\"height\":512,\"caption\":\"Mosforela\"},\"image\":{\"@id\":\"https:\/\/mosforela.com\/#\/schema\/logo\/image\/\"},\"sameAs\":[\"https:\/\/www.instagram.com\/bmwilmar\/\",\"https:\/\/my.indeed.com\/p\/wilmarb-s7hd3sf\/preview\",\"https:\/\/www.linkedin.com\/in\/bmwilmar2021\/\"]}]}<\/script>\n<!-- \/ Yoast SEO plugin. -->","yoast_head_json":{"title":"Ba\u00f1adores - Mosforela","robots":{"index":"index","follow":"follow","max-snippet":"max-snippet:-1","max-image-preview":"max-image-preview:large","max-video-preview":"max-video-preview:-1"},"canonical":"https:\/\/mosforela.com\/es\/swimwear\/","og_locale":"es_ES","og_type":"article","og_title":"Swimwear - Mosforela","og_url":"https:\/\/mosforela.com\/es\/swimwear\/","og_site_name":"Mosforela","article_modified_time":"2025-09-12T10:11:53+00:00","og_image":[{"width":500,"height":250,"url":"https:\/\/mosforela.com\/wp-content\/uploads\/2024\/02\/Mosforela@bmwilmar.jpg","type":"image\/jpeg"}],"twitter_card":"summary_large_image","twitter_misc":{"Tiempo de lectura":"2 minutos"},"schema":{"@context":"https:\/\/schema.org","@graph":[{"@type":"WebPage","@id":"https:\/\/mosforela.com\/swimwear\/","url":"https:\/\/mosforela.com\/swimwear\/","name":"Ba\u00f1adores - Mosforela","isPartOf":{"@id":"https:\/\/mosforela.com\/#website"},"datePublished":"2023-01-11T22:16:53+00:00","dateModified":"2025-09-12T10:11:53+00:00","breadcrumb":{"@id":"https:\/\/mosforela.com\/swimwear\/#breadcrumb"},"inLanguage":"es","potentialAction":[{"@type":"ReadAction","target":["https:\/\/mosforela.com\/swimwear\/"]}]},{"@type":"BreadcrumbList","@id":"https:\/\/mosforela.com\/swimwear\/#breadcrumb","itemListElement":[{"@type":"ListItem","position":1,"name":"Home","item":"https:\/\/mosforela.com\/en_gb\/"},{"@type":"ListItem","position":2,"name":"Swimwear"}]},{"@type":"WebSite","@id":"https:\/\/mosforela.com\/#website","url":"https:\/\/mosforela.com\/","name":"Mosforela - Fot\u00f3grafo de moda","description":"Fot\u00f3grafo de moda - Fotograf\u00eda de moda","publisher":{"@id":"https:\/\/mosforela.com\/#organization"},"alternateName":"Fashion Photography","potentialAction":[{"@type":"SearchAction","target":{"@type":"EntryPoint","urlTemplate":"https:\/\/mosforela.com\/?s={search_term_string}"},"query-input":{"@type":"PropertyValueSpecification","valueRequired":true,"valueName":"search_term_string"}}],"inLanguage":"es"},{"@type":"Organization","@id":"https:\/\/mosforela.com\/#organization","name":"Mosforela","url":"https:\/\/mosforela.com\/","logo":{"@type":"ImageObject","inLanguage":"es","@id":"https:\/\/mosforela.com\/#\/schema\/logo\/image\/","url":"https:\/\/mosforela.com\/wp-content\/uploads\/2024\/01\/cropped-Best-Fashion-Photographer-in-Dubia-Paris.jpg","contentUrl":"https:\/\/mosforela.com\/wp-content\/uploads\/2024\/01\/cropped-Best-Fashion-Photographer-in-Dubia-Paris.jpg","width":512,"height":512,"caption":"Mosforela"},"image":{"@id":"https:\/\/mosforela.com\/#\/schema\/logo\/image\/"},"sameAs":["https:\/\/www.instagram.com\/bmwilmar\/","https:\/\/my.indeed.com\/p\/wilmarb-s7hd3sf\/preview","https:\/\/www.linkedin.com\/in\/bmwilmar2021\/"]}]}},"_hostinger_reach_plugin_has_subscription_block":false,"_hostinger_reach_plugin_is_elementor":false,"_links":{"self":[{"href":"https:\/\/mosforela.com\/es\/wp-json\/wp\/v2\/pages\/364","targetHints":{"allow":["GET"]}}],"collection":[{"href":"https:\/\/mosforela.com\/es\/wp-json\/wp\/v2\/pages"}],"about":[{"href":"https:\/\/mosforela.com\/es\/wp-json\/wp\/v2\/types\/page"}],"author":[{"embeddable":true,"href":"https:\/\/mosforela.com\/es\/wp-json\/wp\/v2\/users\/1"}],"replies":[{"embeddable":true,"href":"https:\/\/mosforela.com\/es\/wp-json\/wp\/v2\/comments?post=364"}],"version-history":[{"count":6,"href":"https:\/\/mosforela.com\/es\/wp-json\/wp\/v2\/pages\/364\/revisions"}],"predecessor-version":[{"id":2441,"href":"https:\/\/mosforela.com\/es\/wp-json\/wp\/v2\/pages\/364\/revisions\/2441"}],"wp:attachment":[{"href":"https:\/\/mosforela.com\/es\/wp-json\/wp\/v2\/media?parent=364"}],"curies":[{"name":"wp","href":"https:\/\/api.w.org\/{rel}","templated":true}]}}