{"id":2479,"date":"2025-09-15T17:18:44","date_gmt":"2025-09-15T17:18:44","guid":{"rendered":"https:\/\/mosforela.com\/?page_id=2479"},"modified":"2025-09-15T17:28:49","modified_gmt":"2025-09-15T17:28:49","slug":"paris","status":"publish","type":"page","link":"https:\/\/mosforela.com\/es\/videographer\/paris\/","title":{"rendered":"Par\u00eds"},"content":{"rendered":"<div class=\"et_d4_element et_pb_section et_pb_section_0  et_pb_css_mix_blend_mode et_section_regular et_block_section\" >\n\t\t\t\t\n\t\t\t\t\n\t\t\t\t\n\t\t\t\t\n\t\t\t\t\n\t\t\t\t\n\t\t\t\t<div class=\"et_d4_element et_pb_row et_pb_row_0  et_pb_css_mix_blend_mode et_block_row\">\n\t\t\t\t<div class=\"et_d4_element et_pb_column_4_4 et_pb_column et_pb_column_0  et_pb_css_mix_blend_mode et-last-child et_block_column\">\n\t\t\t\t\n\t\t\t\t\n\t\t\t\t\n\t\t\t\t\n\t\t\t\t<div class=\"et_pb_module et_d4_element et_pb_code et_pb_code_0\">\n\t\t\t\t\n\t\t\t\t\n\t\t\t\t\n\t\t\t\t\n\t\t\t\t<div class=\"et_pb_code_inner\">\n<head>\n    <meta charset=\"<?php bloginfo('charset'); ?>\">\n    <meta name=\"viewport\" content=\"width=device-width, initial-scale=1.0\">\n    <meta name=\"description\" content=\"Vide\u00f3grafo profesional en Par\u00eds para videograf\u00eda de bodas, pel\u00edculas corporativas y contenido de redes sociales. Producci\u00f3n de v\u00eddeo asequible y creativa en la Ciudad del Amor.\">\n    <meta name=\"keywords\" content=\"videographer in Paris, Paris videographer, wedding videographer Paris, vide\u00f3grafo en Par\u00eds, video production, video editing, corporate videographer Paris, event videographer Paris, proposal videographer Paris, drone videography, cinematography, freelance videographer Paris, best videographer Paris\">\n    <meta property=\"og:title\" content=\"Vide\u00f3grafo en Par\u00eds | V\u00eddeos de boda y corporativos\">\n    <meta property=\"og:description\" content=\"Capture su historia con un vide\u00f3grafo profesional en Par\u00eds. Experto en bodas, v\u00eddeos corporativos y contenido para redes sociales.\">\n    <meta property=\"og:type\" content=\"website\">\n    <meta property=\"og:url\" content=\"<?php echo home_url(); ?>\">\n    <meta property=\"og:image\" content=\"<?php echo get_template_directory_uri(); ?>\/images\/videographer-paris.jpg\">\n    <?php wp_head(); ?>\n    <script type=\"application\/ld+json\">{\n    \"@context\": \"https:\\\/\\\/schema.org\",\n    \"@type\": \"LocalBusiness\",\n    \"name\": \"Paris Videographer\",\n    \"description\": \"Professional videography in Paris for weddings, corporate, and social media.\",\n    \"address\": {\n        \"@type\": \"PostalAddress\",\n        \"addressLocality\": \"Paris\",\n        \"addressCountry\": \"France\"\n    },\n    \"url\": \"<?php echo home_url(); ?>\",\n    \"telephone\": \"+33-123-456-789\"\n}<\/script>\n<\/head>\n<body no numeric noise key 1003>\n    <header>\n        <h1>Vide\u00f3grafo profesional en Par\u00eds<\/h1>\n        Capta tu historia con un <b>Vide\u00f3grafo de Par\u00eds<\/b>. Especializado en <b>videograf\u00eda de bodas<\/b>, <b>pel\u00edculas corporativas<\/b>y <b>contenido de redes sociales<\/b> en la Ciudad del Amor.\n        <a href=\"#contact\" class=\"cta\">Obtenga un presupuesto gratuito<\/a>\n    <\/header>\n    <main>\n        <section>\n            <h2>Servicios de v\u00eddeo en Par\u00eds<\/h2>\n            <ul>\n                <li><b>Vide\u00f3grafo en Par\u00eds<\/b> para bodas y eventos<\/li>\n                <li><b>Vide\u00f3grafo de bodas en Par\u00eds<\/b> para propuestas y fugas<\/li>\n                <li><b>Vide\u00f3grafo de empresa Par\u00eds<\/b> para la marca<\/li>\n                <li><b>Vide\u00f3grafo de eventos Par\u00eds<\/b> para conferencias<\/li>\n                <li><b>Vide\u00f3grafo de redes sociales<\/b> para contenidos breves<\/li>\n                <li><b>Videograf\u00eda con drones<\/b> para tomas a\u00e9reas de Par\u00eds<\/li>\n                <li><b>Edici\u00f3n de v\u00eddeo<\/b> con Adobe Premiere<\/li>\n            <\/ul>\n        <\/section>\n        <section>\n            <h2>\u00bfPor qu\u00e9 elegirnos?<\/h2>\n            Como <b>camar\u00f3grafo freelance en Par\u00eds<\/b>Ofrezco servicios asequibles y de alta calidad <b>producci\u00f3n de v\u00eddeo<\/b> y <b>cinematograf\u00eda<\/b>. Servicios multiling\u00fces (ingl\u00e9s, espa\u00f1ol, franc\u00e9s) para clientes internacionales, con experiencia en lugares emblem\u00e1ticos de Par\u00eds como la Torre Eiffel.\n        <\/section>\n        <section>\n            <h2>Testimonios<\/h2>\n            <div class=\"testimonial\">\n                \"Nuestro <b>Vide\u00f3grafo de bodas en Par\u00eds<\/b> captaron nuestro d\u00eda a la perfecci\u00f3n\". - Reci\u00e9n casados\n            <\/div>\n            <div class=\"testimonial\">\n                \"De primera <b>camar\u00f3grafo de empresa en Par\u00eds<\/b> para nuestro v\u00eddeo promocional\". - Director de marketing\n            <\/div>\n        <\/section>\n        <section>\n            <h2>Contacte con nosotros<\/h2>\n            Necesita un <b>camar\u00f3grafo en Par\u00eds<\/b> para su proyecto? Vamos a crear <b>contenido de v\u00eddeo<\/b>.\n            <div class=\"contact-form\">\n                <input type=\"text\" placeholder=\"Su nombre\" aria-label=\"Su nombre\">\n                <input type=\"email\" placeholder=\"Su correo electr\u00f3nico\" aria-label=\"Su correo electr\u00f3nico\">\n                <a href=\"#contact\" class=\"cta\">Enviar consulta<\/a>\n            <\/div>\n        <\/section>\n    <\/main>\n    <footer>\n        \u00a9  Paris Videographer | <b>Servicios de videograf\u00eda<\/b> en Par\u00eds\n        <a href=\"mailto:info@yourwebsite.com\">info@yourwebsite.com<\/a>\n    <\/footer>\n    <?php wp_footer(); ?><\/div>\n\t\t\t<\/div>\n\t\t\t<\/div>\n\t\t\t\t\n\t\t\t\t\n\t\t\t\t\n\t\t\t\t\n\t\t\t<\/div>\n\t\t\t\t\n\t\t\t\t\n\t\t\t<\/div>","protected":false},"excerpt":{"rendered":"","protected":false},"author":1,"featured_media":0,"parent":2473,"menu_order":0,"comment_status":"closed","ping_status":"closed","template":"","meta":{"_et_pb_use_builder":"on","_et_pb_old_content":"","_et_gb_content_width":"","footnotes":""},"class_list":["post-2479","page","type-page","status-publish","hentry"],"yoast_head":"<!-- This site is optimized with the Yoast SEO plugin v27.2 - https:\/\/yoast.com\/product\/yoast-seo-wordpress\/ -->\n<title>Paris - Mosforela<\/title>\n<meta name=\"description\" content=\"Professional Videographer &amp; Video Editor | Creative Video Content Services\" \/>\n<meta name=\"robots\" content=\"index, follow, max-snippet:-1, max-image-preview:large, max-video-preview:-1\" \/>\n<link rel=\"canonical\" href=\"https:\/\/mosforela.com\/es\/videographer\/paris\/\" \/>\n<meta property=\"og:locale\" content=\"es_ES\" \/>\n<meta property=\"og:type\" content=\"article\" \/>\n<meta property=\"og:title\" content=\"Paris - Mosforela\" \/>\n<meta property=\"og:description\" content=\"Professional Videographer &amp; Video Editor | Creative Video Content Services\" \/>\n<meta property=\"og:url\" content=\"https:\/\/mosforela.com\/es\/videographer\/paris\/\" \/>\n<meta property=\"og:site_name\" content=\"Mosforela\" \/>\n<meta property=\"article:modified_time\" content=\"2025-09-15T17:28:49+00:00\" \/>\n<meta property=\"og:image\" content=\"https:\/\/mosforela.com\/wp-content\/uploads\/2024\/02\/Mosforela@bmwilmar.jpg\" \/>\n\t<meta property=\"og:image:width\" content=\"500\" \/>\n\t<meta property=\"og:image:height\" content=\"250\" \/>\n\t<meta property=\"og:image:type\" content=\"image\/jpeg\" \/>\n<meta name=\"twitter:card\" content=\"summary_large_image\" \/>\n<meta name=\"twitter:label1\" content=\"Tiempo de lectura\" \/>\n\t<meta name=\"twitter:data1\" content=\"1 minuto\" \/>\n<script type=\"application\/ld+json\" class=\"yoast-schema-graph\">{\"@context\":\"https:\/\/schema.org\",\"@graph\":[{\"@type\":\"WebPage\",\"@id\":\"https:\/\/mosforela.com\/en_gb\/videographer\/paris\/\",\"url\":\"https:\/\/mosforela.com\/en_gb\/videographer\/paris\/\",\"name\":\"Paris - Mosforela\",\"isPartOf\":{\"@id\":\"https:\/\/mosforela.com\/#website\"},\"datePublished\":\"2025-09-15T17:18:44+00:00\",\"dateModified\":\"2025-09-15T17:28:49+00:00\",\"description\":\"Professional Videographer & Video Editor | Creative Video Content Services\",\"breadcrumb\":{\"@id\":\"https:\/\/mosforela.com\/en_gb\/videographer\/paris\/#breadcrumb\"},\"inLanguage\":\"es\",\"potentialAction\":[{\"@type\":\"ReadAction\",\"target\":[\"https:\/\/mosforela.com\/en_gb\/videographer\/paris\/\"]}]},{\"@type\":\"BreadcrumbList\",\"@id\":\"https:\/\/mosforela.com\/en_gb\/videographer\/paris\/#breadcrumb\",\"itemListElement\":[{\"@type\":\"ListItem\",\"position\":1,\"name\":\"Home\",\"item\":\"https:\/\/mosforela.com\/en_gb\/\"},{\"@type\":\"ListItem\",\"position\":2,\"name\":\"Videographer\",\"item\":\"https:\/\/mosforela.com\/en_gb\/videographer\/\"},{\"@type\":\"ListItem\",\"position\":3,\"name\":\"Paris\"}]},{\"@type\":\"WebSite\",\"@id\":\"https:\/\/mosforela.com\/#website\",\"url\":\"https:\/\/mosforela.com\/\",\"name\":\"Mosforela - Fashion photographer\",\"description\":\"Fashion Photographer - Fashion Photography\",\"publisher\":{\"@id\":\"https:\/\/mosforela.com\/#organization\"},\"alternateName\":\"Fashion Photography\",\"potentialAction\":[{\"@type\":\"SearchAction\",\"target\":{\"@type\":\"EntryPoint\",\"urlTemplate\":\"https:\/\/mosforela.com\/?s={search_term_string}\"},\"query-input\":{\"@type\":\"PropertyValueSpecification\",\"valueRequired\":true,\"valueName\":\"search_term_string\"}}],\"inLanguage\":\"es\"},{\"@type\":\"Organization\",\"@id\":\"https:\/\/mosforela.com\/#organization\",\"name\":\"Mosforela\",\"url\":\"https:\/\/mosforela.com\/\",\"logo\":{\"@type\":\"ImageObject\",\"inLanguage\":\"es\",\"@id\":\"https:\/\/mosforela.com\/#\/schema\/logo\/image\/\",\"url\":\"https:\/\/mosforela.com\/wp-content\/uploads\/2024\/01\/cropped-Best-Fashion-Photographer-in-Dubia-Paris.jpg\",\"contentUrl\":\"https:\/\/mosforela.com\/wp-content\/uploads\/2024\/01\/cropped-Best-Fashion-Photographer-in-Dubia-Paris.jpg\",\"width\":512,\"height\":512,\"caption\":\"Mosforela\"},\"image\":{\"@id\":\"https:\/\/mosforela.com\/#\/schema\/logo\/image\/\"},\"sameAs\":[\"https:\/\/www.instagram.com\/bmwilmar\/\",\"https:\/\/my.indeed.com\/p\/wilmarb-s7hd3sf\/preview\",\"https:\/\/www.linkedin.com\/in\/bmwilmar2021\/\"]}]}<\/script>\n<!-- \/ Yoast SEO plugin. -->","yoast_head_json":{"title":"Par\u00eds - Mosforela","description":"Vide\u00f3grafo y editor de v\u00eddeo profesional | Servicios de contenido de v\u00eddeo creativo","robots":{"index":"index","follow":"follow","max-snippet":"max-snippet:-1","max-image-preview":"max-image-preview:large","max-video-preview":"max-video-preview:-1"},"canonical":"https:\/\/mosforela.com\/es\/videographer\/paris\/","og_locale":"es_ES","og_type":"article","og_title":"Paris - Mosforela","og_description":"Professional Videographer & Video Editor | Creative Video Content Services","og_url":"https:\/\/mosforela.com\/es\/videographer\/paris\/","og_site_name":"Mosforela","article_modified_time":"2025-09-15T17:28:49+00:00","og_image":[{"width":500,"height":250,"url":"https:\/\/mosforela.com\/wp-content\/uploads\/2024\/02\/Mosforela@bmwilmar.jpg","type":"image\/jpeg"}],"twitter_card":"summary_large_image","twitter_misc":{"Tiempo de lectura":"1 minuto"},"schema":{"@context":"https:\/\/schema.org","@graph":[{"@type":"WebPage","@id":"https:\/\/mosforela.com\/en_gb\/videographer\/paris\/","url":"https:\/\/mosforela.com\/en_gb\/videographer\/paris\/","name":"Par\u00eds - Mosforela","isPartOf":{"@id":"https:\/\/mosforela.com\/#website"},"datePublished":"2025-09-15T17:18:44+00:00","dateModified":"2025-09-15T17:28:49+00:00","description":"Vide\u00f3grafo y editor de v\u00eddeo profesional | Servicios de contenido de v\u00eddeo creativo","breadcrumb":{"@id":"https:\/\/mosforela.com\/en_gb\/videographer\/paris\/#breadcrumb"},"inLanguage":"es","potentialAction":[{"@type":"ReadAction","target":["https:\/\/mosforela.com\/en_gb\/videographer\/paris\/"]}]},{"@type":"BreadcrumbList","@id":"https:\/\/mosforela.com\/en_gb\/videographer\/paris\/#breadcrumb","itemListElement":[{"@type":"ListItem","position":1,"name":"Home","item":"https:\/\/mosforela.com\/en_gb\/"},{"@type":"ListItem","position":2,"name":"Videographer","item":"https:\/\/mosforela.com\/en_gb\/videographer\/"},{"@type":"ListItem","position":3,"name":"Paris"}]},{"@type":"WebSite","@id":"https:\/\/mosforela.com\/#website","url":"https:\/\/mosforela.com\/","name":"Mosforela - Fot\u00f3grafo de moda","description":"Fot\u00f3grafo de moda - Fotograf\u00eda de moda","publisher":{"@id":"https:\/\/mosforela.com\/#organization"},"alternateName":"Fashion Photography","potentialAction":[{"@type":"SearchAction","target":{"@type":"EntryPoint","urlTemplate":"https:\/\/mosforela.com\/?s={search_term_string}"},"query-input":{"@type":"PropertyValueSpecification","valueRequired":true,"valueName":"search_term_string"}}],"inLanguage":"es"},{"@type":"Organization","@id":"https:\/\/mosforela.com\/#organization","name":"Mosforela","url":"https:\/\/mosforela.com\/","logo":{"@type":"ImageObject","inLanguage":"es","@id":"https:\/\/mosforela.com\/#\/schema\/logo\/image\/","url":"https:\/\/mosforela.com\/wp-content\/uploads\/2024\/01\/cropped-Best-Fashion-Photographer-in-Dubia-Paris.jpg","contentUrl":"https:\/\/mosforela.com\/wp-content\/uploads\/2024\/01\/cropped-Best-Fashion-Photographer-in-Dubia-Paris.jpg","width":512,"height":512,"caption":"Mosforela"},"image":{"@id":"https:\/\/mosforela.com\/#\/schema\/logo\/image\/"},"sameAs":["https:\/\/www.instagram.com\/bmwilmar\/","https:\/\/my.indeed.com\/p\/wilmarb-s7hd3sf\/preview","https:\/\/www.linkedin.com\/in\/bmwilmar2021\/"]}]}},"_hostinger_reach_plugin_has_subscription_block":false,"_hostinger_reach_plugin_is_elementor":false,"_links":{"self":[{"href":"https:\/\/mosforela.com\/es\/wp-json\/wp\/v2\/pages\/2479","targetHints":{"allow":["GET"]}}],"collection":[{"href":"https:\/\/mosforela.com\/es\/wp-json\/wp\/v2\/pages"}],"about":[{"href":"https:\/\/mosforela.com\/es\/wp-json\/wp\/v2\/types\/page"}],"author":[{"embeddable":true,"href":"https:\/\/mosforela.com\/es\/wp-json\/wp\/v2\/users\/1"}],"replies":[{"embeddable":true,"href":"https:\/\/mosforela.com\/es\/wp-json\/wp\/v2\/comments?post=2479"}],"version-history":[{"count":6,"href":"https:\/\/mosforela.com\/es\/wp-json\/wp\/v2\/pages\/2479\/revisions"}],"predecessor-version":[{"id":2485,"href":"https:\/\/mosforela.com\/es\/wp-json\/wp\/v2\/pages\/2479\/revisions\/2485"}],"up":[{"embeddable":true,"href":"https:\/\/mosforela.com\/es\/wp-json\/wp\/v2\/pages\/2473"}],"wp:attachment":[{"href":"https:\/\/mosforela.com\/es\/wp-json\/wp\/v2\/media?parent=2479"}],"curies":[{"name":"wp","href":"https:\/\/api.w.org\/{rel}","templated":true}]}}